{"id":1768,"date":"2022-04-30T08:10:51","date_gmt":"2022-04-30T08:10:51","guid":{"rendered":"https:\/\/learning-journey.info\/?page_id=1768"},"modified":"2022-05-01T10:27:43","modified_gmt":"2022-05-01T10:27:43","slug":"learning-journey-1-0-jakobsweg-2020","status":"publish","type":"page","link":"https:\/\/learning-journey.info\/index.php\/learning-journey-1-0-jakobsweg-2020\/","title":{"rendered":"Learning Journey 1.0"},"content":{"rendered":"\n<h2><span style=\"color:#ff8c00\" class=\"has-inline-color\">Der Jakobsweg 2020<\/span><\/h2>\n\n\n\n<p>M\u00f6chtest Du erfahren, was ich auf meiner Reise erlebt habe? Dann schaue Dir gerne <a href=\"https:\/\/learning-journey.info\/index.php\/etappen\/\">meine Etappen<\/a> der einzelnen L\u00e4nder und <a href=\"https:\/\/learning-journey.info\/index.php\/blog\/\">meinen Reiseblog<\/a> an. <\/p>\n\n\n\n<div class=\"wp-container-3 wp-block-columns\">\n<div class=\"wp-container-1 wp-block-column\">\n<div class=\"wp-block-image\"><figure class=\"aligncenter size-large is-resized\"><a href=\"https:\/\/learning-journey.info\/index.php\/blog\/\"><img loading=\"lazy\" src=\"https:\/\/learning-journey.info\/wp-content\/uploads\/2020\/07\/IMG_20200712_132725_2-1024x758.jpg\" alt=\"\" class=\"wp-image-390\" width=\"146\" height=\"107\" srcset=\"https:\/\/learning-journey.info\/wp-content\/uploads\/2020\/07\/IMG_20200712_132725_2-1024x758.jpg 1024w, https:\/\/learning-journey.info\/wp-content\/uploads\/2020\/07\/IMG_20200712_132725_2-300x222.jpg 300w, https:\/\/learning-journey.info\/wp-content\/uploads\/2020\/07\/IMG_20200712_132725_2-768x569.jpg 768w, https:\/\/learning-journey.info\/wp-content\/uploads\/2020\/07\/IMG_20200712_132725_2-1536x1138.jpg 1536w, https:\/\/learning-journey.info\/wp-content\/uploads\/2020\/07\/IMG_20200712_132725_2-2048x1517.jpg 2048w\" sizes=\"(max-width: 146px) 100vw, 146px\" \/><\/a><figcaption>                   <strong><span style=\"color:#ff8c00\" class=\"has-inline-color\">Zum Reiseblog<\/span><\/strong><\/figcaption><\/figure><\/div>\n<\/div>\n\n\n\n<div class=\"wp-container-2 wp-block-column\">\n<div class=\"wp-block-image\"><figure class=\"aligncenter size-large is-resized\"><a href=\"https:\/\/learning-journey.info\/index.php\/etappen\/\"><img loading=\"lazy\" src=\"https:\/\/learning-journey.info\/wp-content\/uploads\/2020\/07\/IMG_20200712_125217-002--1024x716.jpg\" alt=\"\" class=\"wp-image-388\" width=\"154\" height=\"107\" srcset=\"https:\/\/learning-journey.info\/wp-content\/uploads\/2020\/07\/IMG_20200712_125217-002--1024x716.jpg 1024w, https:\/\/learning-journey.info\/wp-content\/uploads\/2020\/07\/IMG_20200712_125217-002--300x210.jpg 300w, https:\/\/learning-journey.info\/wp-content\/uploads\/2020\/07\/IMG_20200712_125217-002--768x537.jpg 768w, https:\/\/learning-journey.info\/wp-content\/uploads\/2020\/07\/IMG_20200712_125217-002--1536x1074.jpg 1536w, https:\/\/learning-journey.info\/wp-content\/uploads\/2020\/07\/IMG_20200712_125217-002-.jpg 1691w\" sizes=\"(max-width: 154px) 100vw, 154px\" \/><\/a><figcaption>     <strong><span style=\"color:#ff8c00\" class=\"has-inline-color\">Zu den Etappen<\/span><\/strong><\/figcaption><\/figure><\/div>\n<\/div>\n<\/div>\n\n\n\n<hr class=\"wp-block-separator\"\/>\n\n\n\n<h2><span style=\"color:#ff8c00\" class=\"has-inline-color\">News w\u00e4hrend der Reise 2020<\/span> <\/h2>\n\n\n\n<p>Die erste Etappe auf meiner Jakobsreise war das kleine D\u00f6rfchen Schevenh\u00fctte, kurz hinter Aachen. Als ich in der Facebook-Gruppe vom D\u00f6rfchen nach m\u00f6glichen Unterk\u00fcnften nachfragte, wurde J\u00f6rn (Herausgeber des lokales Dorfbl\u00e4ttchens &#8220;H\u00f6tter Bl\u00e4ddsche&#8221;) auf mich aufmerksam und fragte mich, ob ich mir vorstellen k\u00f6nnte einen kleinen Erfahrungsbericht \u00fcber das Dorf zu schreiben. Ich freute mich riesig und stimmte ohne zu z\u00f6gern zu. Nun ist der Artikel ver\u00f6ffentlicht. ? \u00dcber den nachfolgenden Link gelangt ihr direkt zum Bericht. Ganz viel Spa\u00df beim lesen ?<br><a href=\"http:\/\/www.schevenhuette.de\/wp-content\/uploads\/2020\/08\/HB_6_2020.pdf\">http:\/\/www.schevenhuette.de\/wp-content\/uploads\/2020\/08\/HB_6_2020.pdf<\/a><\/p>\n\n\n\n<hr class=\"wp-block-separator\"\/>\n\n\n\n<p>Damals durfte ich mit der Post von meinem Schwiegervater Klaus-Dieter Witzel mit fliegen.&nbsp;&nbsp;Ganz lieben Dank f\u00fcr diese tolle Idee und Geste.  ? <\/p>\n\n\n\n<figure class=\"wp-block-image\"><img loading=\"lazy\" width=\"1024\" height=\"768\" src=\"https:\/\/learning-journey.info\/wp-content\/uploads\/2020\/10\/IMG-20200908-WA0000-1-1024x768.jpg\" alt=\"\" class=\"wp-image-1565\" srcset=\"https:\/\/learning-journey.info\/wp-content\/uploads\/2020\/10\/IMG-20200908-WA0000-1-1024x768.jpg 1024w, https:\/\/learning-journey.info\/wp-content\/uploads\/2020\/10\/IMG-20200908-WA0000-1-300x225.jpg 300w, https:\/\/learning-journey.info\/wp-content\/uploads\/2020\/10\/IMG-20200908-WA0000-1-768x576.jpg 768w, https:\/\/learning-journey.info\/wp-content\/uploads\/2020\/10\/IMG-20200908-WA0000-1-1536x1152.jpg 1536w, https:\/\/learning-journey.info\/wp-content\/uploads\/2020\/10\/IMG-20200908-WA0000-1.jpg 1600w\" sizes=\"(max-width: 767px) 89vw, (max-width: 1000px) 54vw, (max-width: 1071px) 543px, 580px\" \/><\/figure>\n\n\n\n<hr class=\"wp-block-separator\"\/>\n\n\n\n<p>Nach l\u00e4nger Zeit hat sich gestern Abend wieder eine Couchsurfingnacht ergeben. Jippi. Ich durfte einen wundervollen Abend mit zwei wundervollen Frauen verbringen und war verdammt froh, die Nachricht bzgl. der neuen Covid-Restriktionen in Frankreich nicht alleine zuerfahren. Auf den Schock gab es dann erstmal ein Glas Wein. Schweren Herzens habe ich mich nun heute dazu entschieden meine Reise zu unterbrechen und diese sp\u00e4ter fortzusetzen. Nun fahre ich gerade mit Blablacar nach Toulouse und versuche von dort zur\u00fcck in die Schweiz zukommen. Es ist nun nicht mehr der Jakobsweg sondern der Amfti-Weg&nbsp;&nbsp;&#8211; 28.09.2020<\/p>\n\n\n\n<figure class=\"wp-block-image\"><img loading=\"lazy\" width=\"1024\" height=\"682\" src=\"https:\/\/learning-journey.info\/wp-content\/uploads\/2020\/10\/IMG-20201029-WA0005-1024x682.jpg\" alt=\"\" class=\"wp-image-1731\" srcset=\"https:\/\/learning-journey.info\/wp-content\/uploads\/2020\/10\/IMG-20201029-WA0005-1024x682.jpg 1024w, https:\/\/learning-journey.info\/wp-content\/uploads\/2020\/10\/IMG-20201029-WA0005-300x200.jpg 300w, https:\/\/learning-journey.info\/wp-content\/uploads\/2020\/10\/IMG-20201029-WA0005-768x512.jpg 768w, https:\/\/learning-journey.info\/wp-content\/uploads\/2020\/10\/IMG-20201029-WA0005-1536x1023.jpg 1536w, https:\/\/learning-journey.info\/wp-content\/uploads\/2020\/10\/IMG-20201029-WA0005.jpg 1600w\" sizes=\"(max-width: 767px) 89vw, (max-width: 1000px) 54vw, (max-width: 1071px) 543px, 580px\" \/><\/figure>\n\n\n\n<hr class=\"wp-block-separator\"\/>\n","protected":false},"excerpt":{"rendered":"<p>Der Jakobsweg 2020 M\u00f6chtest Du erfahren, was ich auf meiner Reise erlebt habe? Dann schaue Dir gerne meine Etappen der einzelnen L\u00e4nder und meinen Reiseblog an. News w\u00e4hrend der Reise 2020 Die erste Etappe auf meiner Jakobsreise war das kleine D\u00f6rfchen Schevenh\u00fctte, kurz hinter Aachen. Als ich in der Facebook-Gruppe vom D\u00f6rfchen nach m\u00f6glichen Unterk\u00fcnften &hellip; <\/p>\n<p class=\"link-more\"><a href=\"https:\/\/learning-journey.info\/index.php\/learning-journey-1-0-jakobsweg-2020\/\" class=\"more-link\"><span class=\"screen-reader-text\">\u201eLearning Journey 1.0\u201c<\/span> weiterlesen<\/a><\/p>\n","protected":false},"author":1,"featured_media":0,"parent":0,"menu_order":0,"comment_status":"closed","ping_status":"closed","template":"","meta":[],"_links":{"self":[{"href":"https:\/\/learning-journey.info\/index.php\/wp-json\/wp\/v2\/pages\/1768"}],"collection":[{"href":"https:\/\/learning-journey.info\/index.php\/wp-json\/wp\/v2\/pages"}],"about":[{"href":"https:\/\/learning-journey.info\/index.php\/wp-json\/wp\/v2\/types\/page"}],"author":[{"embeddable":true,"href":"https:\/\/learning-journey.info\/index.php\/wp-json\/wp\/v2\/users\/1"}],"replies":[{"embeddable":true,"href":"https:\/\/learning-journey.info\/index.php\/wp-json\/wp\/v2\/comments?post=1768"}],"version-history":[{"count":9,"href":"https:\/\/learning-journey.info\/index.php\/wp-json\/wp\/v2\/pages\/1768\/revisions"}],"predecessor-version":[{"id":1823,"href":"https:\/\/learning-journey.info\/index.php\/wp-json\/wp\/v2\/pages\/1768\/revisions\/1823"}],"wp:attachment":[{"href":"https:\/\/learning-journey.info\/index.php\/wp-json\/wp\/v2\/media?parent=1768"}],"curies":[{"name":"wp","href":"https:\/\/api.w.org\/{rel}","templated":true}]}}