{"id":183,"date":"2020-04-05T11:57:33","date_gmt":"2020-04-05T11:57:33","guid":{"rendered":"https:\/\/learning-journey.info\/index.php\/mesmerize\/"},"modified":"2022-05-03T04:27:23","modified_gmt":"2022-05-03T04:27:23","slug":"amft","status":"publish","type":"page","link":"https:\/\/learning-journey.info\/","title":{"rendered":""},"content":{"rendered":"\n<h2><span style=\"color:#ff8c00\" class=\"has-inline-color\">Geschichten vom Jakobsweg<\/span><br>Learning Journey 1.0<\/h2>\n\n\n\n<p>Rund ein halbes Jahr hatte ich im Jahr 2020 geplant, auf dem Jakobsweg zu verbringen und \u00fcber die bunten Geschichten hier auf learning-journey zu berichten. Aufgrund der kritischen Corona-Lage in Frankreich wurden es leider nur vier Monate. Doch in dieser Zeit durfte ich so einiges erleben. <\/p>\n\n\n\n<p>M\u00f6chtest Du erfahren, was ich auf meiner Reise erlebt habe? Dann schaue Dir gerne <a href=\"https:\/\/learning-journey.info\/index.php\/etappen\/\">meine Etappen<\/a> der einzelnen L\u00e4nder und <a href=\"https:\/\/learning-journey.info\/index.php\/blog\/\">meinen Reiseblog<\/a> an. <\/p>\n\n\n\n<div class=\"wp-container-3 wp-block-columns\">\n<div class=\"wp-container-1 wp-block-column\">\n<div class=\"wp-block-image\"><figure class=\"aligncenter size-large is-resized\"><a href=\"https:\/\/learning-journey.info\/index.php\/blog\/\"><img loading=\"lazy\" src=\"https:\/\/learning-journey.info\/wp-content\/uploads\/2020\/07\/IMG_20200712_132725_2-1024x758.jpg\" alt=\"\" class=\"wp-image-390\" width=\"146\" height=\"107\" srcset=\"https:\/\/learning-journey.info\/wp-content\/uploads\/2020\/07\/IMG_20200712_132725_2-1024x758.jpg 1024w, https:\/\/learning-journey.info\/wp-content\/uploads\/2020\/07\/IMG_20200712_132725_2-300x222.jpg 300w, https:\/\/learning-journey.info\/wp-content\/uploads\/2020\/07\/IMG_20200712_132725_2-768x569.jpg 768w, https:\/\/learning-journey.info\/wp-content\/uploads\/2020\/07\/IMG_20200712_132725_2-1536x1138.jpg 1536w, https:\/\/learning-journey.info\/wp-content\/uploads\/2020\/07\/IMG_20200712_132725_2-2048x1517.jpg 2048w\" sizes=\"(max-width: 146px) 100vw, 146px\" \/><\/a><figcaption>                   <strong><span style=\"color:#ff8c00\" class=\"has-inline-color\">Zum Reiseblog<\/span><\/strong><\/figcaption><\/figure><\/div>\n<\/div>\n\n\n\n<div class=\"wp-container-2 wp-block-column\">\n<div class=\"wp-block-image\"><figure class=\"aligncenter size-large is-resized\"><a href=\"https:\/\/learning-journey.info\/index.php\/etappen\/\"><img loading=\"lazy\" src=\"https:\/\/learning-journey.info\/wp-content\/uploads\/2020\/07\/IMG_20200712_125217-002--1024x716.jpg\" alt=\"\" class=\"wp-image-388\" width=\"154\" height=\"107\" srcset=\"https:\/\/learning-journey.info\/wp-content\/uploads\/2020\/07\/IMG_20200712_125217-002--1024x716.jpg 1024w, https:\/\/learning-journey.info\/wp-content\/uploads\/2020\/07\/IMG_20200712_125217-002--300x210.jpg 300w, https:\/\/learning-journey.info\/wp-content\/uploads\/2020\/07\/IMG_20200712_125217-002--768x537.jpg 768w, https:\/\/learning-journey.info\/wp-content\/uploads\/2020\/07\/IMG_20200712_125217-002--1536x1074.jpg 1536w, https:\/\/learning-journey.info\/wp-content\/uploads\/2020\/07\/IMG_20200712_125217-002-.jpg 1691w\" sizes=\"(max-width: 154px) 100vw, 154px\" \/><\/a><figcaption>     <strong><span style=\"color:#ff8c00\" class=\"has-inline-color\">Zu den Etappen<\/span><\/strong><\/figcaption><\/figure><\/div>\n<\/div>\n<\/div>\n\n\n\n<hr class=\"wp-block-separator\"\/>\n\n\n\n<h2><span style=\"color:#ff8c00\" class=\"has-inline-color\">Geschichten aus \u00c4thiopien<\/span> <br>Learning Journey 2.0<\/h2>\n\n\n\n<p>Die Reise geht weiter! Durch eine berufliche Ver\u00e4nderung habe ich die einmalige und wundervolle M\u00f6glichkeit erhalten in \u00c4thiopien arbeiten und leben zu d\u00fcrfen, um die Welt, hier ein St\u00fcckweit mitgestalten und verbessern zu k\u00f6nnen. <\/p>\n\n\n\n<p>M\u00f6chtest du erfahren, wie das Leben und die Kultur hier in \u00c4thiopien ist? Dann begleite mich hier auf learning-journey auf <a href=\"https:\/\/learning-journey.info\/index.php\/category\/aethiopien\/\" data-type=\"URL\" data-id=\"https:\/\/learning-journey.info\/index.php\/category\/aethiopien\/\">meinem \u00c4thiopien-Blog<\/a>.<\/p>\n\n\n\n<p>Viel Spa\u00df dabei!<\/p>\n\n\n\n<p class=\"has-text-align-center\"><a href=\"https:\/\/learning-journey.info\/index.php\/impressum\/\">Impressum<\/a> | <a href=\"https:\/\/learning-journey.info\/index.php\/kontakt\/\">Kontakt<\/a>  <\/p>\n","protected":false},"excerpt":{"rendered":"<p>Geschichten vom JakobswegLearning Journey 1.0 Rund ein halbes Jahr hatte ich im Jahr 2020 geplant, auf dem Jakobsweg zu verbringen und \u00fcber die bunten Geschichten hier auf learning-journey zu berichten. Aufgrund der kritischen Corona-Lage in Frankreich wurden es leider nur vier Monate. Doch in dieser Zeit durfte ich so einiges erleben. M\u00f6chtest Du erfahren, was &hellip; <\/p>\n<p class=\"link-more\"><a href=\"https:\/\/learning-journey.info\/\" class=\"more-link\"><span class=\"screen-reader-text\">\u201e\u201c<\/span> weiterlesen<\/a><\/p>\n","protected":false},"author":1,"featured_media":0,"parent":0,"menu_order":0,"comment_status":"closed","ping_status":"closed","template":"","meta":[],"_links":{"self":[{"href":"https:\/\/learning-journey.info\/index.php\/wp-json\/wp\/v2\/pages\/183"}],"collection":[{"href":"https:\/\/learning-journey.info\/index.php\/wp-json\/wp\/v2\/pages"}],"about":[{"href":"https:\/\/learning-journey.info\/index.php\/wp-json\/wp\/v2\/types\/page"}],"author":[{"embeddable":true,"href":"https:\/\/learning-journey.info\/index.php\/wp-json\/wp\/v2\/users\/1"}],"replies":[{"embeddable":true,"href":"https:\/\/learning-journey.info\/index.php\/wp-json\/wp\/v2\/comments?post=183"}],"version-history":[{"count":56,"href":"https:\/\/learning-journey.info\/index.php\/wp-json\/wp\/v2\/pages\/183\/revisions"}],"predecessor-version":[{"id":1857,"href":"https:\/\/learning-journey.info\/index.php\/wp-json\/wp\/v2\/pages\/183\/revisions\/1857"}],"wp:attachment":[{"href":"https:\/\/learning-journey.info\/index.php\/wp-json\/wp\/v2\/media?parent=183"}],"curies":[{"name":"wp","href":"https:\/\/api.w.org\/{rel}","templated":true}]}}