{"id":247,"date":"2020-06-29T20:09:55","date_gmt":"2020-06-29T20:09:55","guid":{"rendered":"https:\/\/learning-journey.info\/?page_id=247"},"modified":"2022-04-30T14:06:07","modified_gmt":"2022-04-30T14:06:07","slug":"ueber-mich","status":"publish","type":"page","link":"https:\/\/learning-journey.info\/index.php\/ueber-mich\/","title":{"rendered":"\u00dcber mich"},"content":{"rendered":"\n<blockquote class=\"wp-block-quote is-style-large\"><p><span style=\"color:#ff8c00\" class=\"has-inline-color\"><em>Wir k\u00f6nnen unsere Tr\u00e4ume erst dann verwirklichen, wenn wir uns entschlie\u00dfen, daraus zu erwachen.<\/em><\/span><\/p><cite><em>Josephine Baker<\/em><\/cite><\/blockquote>\n\n\n\n<hr class=\"wp-block-separator\"\/>\n\n\n\n<p><\/p>\n\n\n\n<p>Mein Name ist Anna Amft, ich bin 31 Jahre alt und komme aus der wundersch\u00f6nen Kaiserstadt Aachen. Ein richtiges \u00d6scher M\u00e4del bin ich nicht, sondern am sch\u00f6nen Niederrhein N\u00e4he der holl\u00e4ndischen Grenze daheim. Aachen ist einer der sch\u00f6nsten St\u00e4dte, die ich bisher kennenlernen durfte und liebe das einzigartige Leben hier. Obwohl man in Aachen und in der Umgebung einiges erleben und unternehmen kann, hat mich das Reisen seither fasziniert und gefesselt. So kam es, dass ich mich n\u00e4her mit dem Wandern auf dem Jakobsweg besch\u00e4ftige (der Film von Hape Kerkeling hat nat\u00fcrlich dazu beigetragen ?) Am 15. Juli 2020 erf\u00fcllte sich mein Traum und ich ging auf Reise, ohne zu wissen, was mich erwarten wird. Nun kann ich sagen, dass die Reise auf dem Jakobsweg das Beste war was mir passieren konnte. Zwar musste ich nach rund vier Monaten aufgrund der Corona-Pandemie meine Reise abbrechen und konnte dadurch mein Ziel Santiago de Compostela nicht erreichen, doch das war nicht schlimm. Denn nicht das Ziel, sondern der Weg und die damit verbundenen Erlebnisse, Momente und Ereignisse, die ich in meinem Blog beschreibe, waren das Besondere und Wesentliche. Seither habe ich das Gef\u00fchl, aus einem 29-j\u00e4hrigen Schlaf erwacht zu sein und sehe einige Dinge nun mit ganz anderen Augen.<\/p>\n\n\n\n<p>Nachdem ich rund ein Jahr in meiner Heimat Aachen verbracht habe, geht die Reise weiter. Eine wundervolle M\u00f6glichkeit hat sich ergeben, dass ich nun f\u00fcr eine gewisse Zeit in \u00c4thiopien leben darf. Gespannt auf viele neue Erfahrungen und Erlebnisse auf meiner Reise durch \u00c4thiopien freue ich mich, auf den folgenden Seiten zu berichten und diese mit euch zu teilen. &nbsp;<\/p>\n\n\n\n<figure class=\"wp-block-image size-large\"><img loading=\"lazy\" width=\"1024\" height=\"649\" src=\"https:\/\/learning-journey.info\/wp-content\/uploads\/2020\/08\/IMG-20200805-WA0005-1024x649.jpg\" alt=\"\" class=\"wp-image-786\" srcset=\"https:\/\/learning-journey.info\/wp-content\/uploads\/2020\/08\/IMG-20200805-WA0005-1024x649.jpg 1024w, https:\/\/learning-journey.info\/wp-content\/uploads\/2020\/08\/IMG-20200805-WA0005-300x190.jpg 300w, https:\/\/learning-journey.info\/wp-content\/uploads\/2020\/08\/IMG-20200805-WA0005-768x487.jpg 768w, https:\/\/learning-journey.info\/wp-content\/uploads\/2020\/08\/IMG-20200805-WA0005-1536x973.jpg 1536w, https:\/\/learning-journey.info\/wp-content\/uploads\/2020\/08\/IMG-20200805-WA0005.jpg 1600w\" sizes=\"(max-width: 767px) 89vw, (max-width: 1000px) 54vw, (max-width: 1071px) 543px, 580px\" \/><\/figure>\n","protected":false},"excerpt":{"rendered":"<p>Wir k\u00f6nnen unsere Tr\u00e4ume erst dann verwirklichen, wenn wir uns entschlie\u00dfen, daraus zu erwachen. Josephine Baker Mein Name ist Anna Amft, ich bin 31 Jahre alt und komme aus der wundersch\u00f6nen Kaiserstadt Aachen. Ein richtiges \u00d6scher M\u00e4del bin ich nicht, sondern am sch\u00f6nen Niederrhein N\u00e4he der holl\u00e4ndischen Grenze daheim. Aachen ist einer der sch\u00f6nsten St\u00e4dte, &hellip; <\/p>\n<p class=\"link-more\"><a href=\"https:\/\/learning-journey.info\/index.php\/ueber-mich\/\" class=\"more-link\"><span class=\"screen-reader-text\">\u201e\u00dcber mich\u201c<\/span> weiterlesen<\/a><\/p>\n","protected":false},"author":1,"featured_media":0,"parent":0,"menu_order":0,"comment_status":"closed","ping_status":"closed","template":"","meta":[],"_links":{"self":[{"href":"https:\/\/learning-journey.info\/index.php\/wp-json\/wp\/v2\/pages\/247"}],"collection":[{"href":"https:\/\/learning-journey.info\/index.php\/wp-json\/wp\/v2\/pages"}],"about":[{"href":"https:\/\/learning-journey.info\/index.php\/wp-json\/wp\/v2\/types\/page"}],"author":[{"embeddable":true,"href":"https:\/\/learning-journey.info\/index.php\/wp-json\/wp\/v2\/users\/1"}],"replies":[{"embeddable":true,"href":"https:\/\/learning-journey.info\/index.php\/wp-json\/wp\/v2\/comments?post=247"}],"version-history":[{"count":12,"href":"https:\/\/learning-journey.info\/index.php\/wp-json\/wp\/v2\/pages\/247\/revisions"}],"predecessor-version":[{"id":1804,"href":"https:\/\/learning-journey.info\/index.php\/wp-json\/wp\/v2\/pages\/247\/revisions\/1804"}],"wp:attachment":[{"href":"https:\/\/learning-journey.info\/index.php\/wp-json\/wp\/v2\/media?parent=247"}],"curies":[{"name":"wp","href":"https:\/\/api.w.org\/{rel}","templated":true}]}}