{"id":248,"date":"2020-06-29T20:09:55","date_gmt":"2020-06-29T20:09:55","guid":{"rendered":"https:\/\/learning-journey.info\/?page_id=248"},"modified":"2022-05-01T10:31:48","modified_gmt":"2022-05-01T10:31:48","slug":"dankeschoen","status":"publish","type":"page","link":"https:\/\/learning-journey.info\/index.php\/dankeschoen\/","title":{"rendered":"Dankesch\u00f6n &#8230;"},"content":{"rendered":"\n<h2><span class=\"has-inline-color has-luminous-vivid-amber-color\">&#8230; an meinen Mann<\/span><\/h2>\n\n\n\n<div class=\"wp-block-image\"><figure class=\"aligncenter size-large\"><img loading=\"lazy\" width=\"1024\" height=\"1024\" src=\"https:\/\/learning-journey.info\/wp-content\/uploads\/2020\/08\/FB_IMG_1597776661440-2-1024x1024.jpg\" alt=\"\" class=\"wp-image-1000\" srcset=\"https:\/\/learning-journey.info\/wp-content\/uploads\/2020\/08\/FB_IMG_1597776661440-2-1024x1024.jpg 1024w, https:\/\/learning-journey.info\/wp-content\/uploads\/2020\/08\/FB_IMG_1597776661440-2-300x300.jpg 300w, https:\/\/learning-journey.info\/wp-content\/uploads\/2020\/08\/FB_IMG_1597776661440-2-150x150.jpg 150w, https:\/\/learning-journey.info\/wp-content\/uploads\/2020\/08\/FB_IMG_1597776661440-2-768x768.jpg 768w, https:\/\/learning-journey.info\/wp-content\/uploads\/2020\/08\/FB_IMG_1597776661440-2-100x100.jpg 100w, https:\/\/learning-journey.info\/wp-content\/uploads\/2020\/08\/FB_IMG_1597776661440-2.jpg 1080w\" sizes=\"(max-width: 767px) 89vw, (max-width: 1000px) 54vw, (max-width: 1071px) 543px, 580px\" \/><\/figure><\/div>\n\n\n\n<p>Ich wurde oftmals gefragt, was denn mein Mann zu meinem Vorhaben sagt. Als ich mit Andr\u00e9 \u00fcber meinen Traum den Jakobsweg zu wandern sprach, kamen nie Einw\u00e4nde oder Argumente warum ich die Reise lieber nicht machen sollte. Ganz im Gegenteil, Andr\u00e9 stand von Anfang an hinter mir und unterst\u00fctzt mich wo er nur kann. Ich bin von ganzem Herzen dankbar einen so wunderbaren Mann an meiner Seite zu haben. Daher m\u00f6chte ich dir Andr\u00e9 auf diesem Wege sagen wie dankbar ich bin, dich in meinem Leben haben zu d\u00fcrfen.<br>Wir sind das perfekte Team. ?<\/p>\n\n\n\n<hr class=\"wp-block-separator\"\/>\n\n\n\n<h2><span class=\"has-inline-color has-luminous-vivid-amber-color\">&#8230; an meine Mutter<\/span><\/h2>\n\n\n\n<figure class=\"wp-block-image size-large\"><img loading=\"lazy\" width=\"1024\" height=\"769\" src=\"https:\/\/learning-journey.info\/wp-content\/uploads\/2020\/08\/IMG-20200819-WA0074-1-1024x769.jpg\" alt=\"\" class=\"wp-image-999\" srcset=\"https:\/\/learning-journey.info\/wp-content\/uploads\/2020\/08\/IMG-20200819-WA0074-1-1024x769.jpg 1024w, https:\/\/learning-journey.info\/wp-content\/uploads\/2020\/08\/IMG-20200819-WA0074-1-300x225.jpg 300w, https:\/\/learning-journey.info\/wp-content\/uploads\/2020\/08\/IMG-20200819-WA0074-1-768x576.jpg 768w, https:\/\/learning-journey.info\/wp-content\/uploads\/2020\/08\/IMG-20200819-WA0074-1-1536x1153.jpg 1536w, https:\/\/learning-journey.info\/wp-content\/uploads\/2020\/08\/IMG-20200819-WA0074-1.jpg 1600w\" sizes=\"(max-width: 767px) 89vw, (max-width: 1000px) 54vw, (max-width: 1071px) 543px, 580px\" \/><\/figure>\n\n\n\n<p>Gen\u00fcgend Training, das ist f\u00fcr eine Reise die \u00fcber 3000 Kilometer umfasst ganz besonders wichtig. Bevor es auf den Jakobsweg ging hat meine Mutter Anja jedes Wochenende wundervolle Wanderstrecken am Niederrhein ausfindich gemacht, die wir gemeinsam liefen, sodass ich mich schrittweise an die Kilometer aber auch an mein Gep\u00e4ck gew\u00f6hnen konnte. Die leckeren Lunchpakete, die sie jedes mal f\u00fcr eine ausgiebige Mittagspause gezaubert hatte, fehlen nun sehr schmerzlich auf dem Jakobsweg. Nicht nur f\u00fcr die Unterst\u00fctzung, sondern auch f\u00fcr das stets offene Ohr in jeglichen Lagen, kleinen sowie gro\u00dfen Geschenken, und die wundervolle Liebe einer Mutter sind ganz besonders. Daher m\u00f6chte ich mich auf diesem Wege von Herzen bei dir f\u00fcr deine Unterst\u00fctzung und das Mitfiebern bedanken. Es gibt kein gr\u00f6\u00dferes Geschenk wie dich als Mutter zu haben.<\/p>\n\n\n\n<hr class=\"wp-block-separator\"\/>\n\n\n\n<h2><span class=\"has-inline-color has-luminous-vivid-amber-color\">&#8230; an meinen Vater<\/span><\/h2>\n\n\n\n<figure class=\"wp-block-image size-large\"><img loading=\"lazy\" width=\"766\" height=\"1024\" src=\"https:\/\/learning-journey.info\/wp-content\/uploads\/2020\/08\/IMG-20200721-WA0067-766x1024.jpg\" alt=\"\" class=\"wp-image-1001\" srcset=\"https:\/\/learning-journey.info\/wp-content\/uploads\/2020\/08\/IMG-20200721-WA0067-766x1024.jpg 766w, https:\/\/learning-journey.info\/wp-content\/uploads\/2020\/08\/IMG-20200721-WA0067-225x300.jpg 225w, https:\/\/learning-journey.info\/wp-content\/uploads\/2020\/08\/IMG-20200721-WA0067-768x1026.jpg 768w, https:\/\/learning-journey.info\/wp-content\/uploads\/2020\/08\/IMG-20200721-WA0067.jpg 970w\" sizes=\"(max-width: 706px) 89vw, (max-width: 767px) 82vw, 740px\" \/><\/figure>\n\n\n\n<p>Gesunde Skepsis, dass ist bei einer gutgl\u00e4ubigen Weltbildanschauung nicht verkehrt. Mein Vater versuchte mich dahingehend zu sensibilisieren und wollte lediglich damit ausdr\u00fccken &#8220;Pass auf dich auf, ich hab dich lieb&#8221;. Die Sorge war so gro\u00df, dass er mich f\u00fcr eine Selbstverteidigung bestens auststattete, wof\u00fcr ich ihm von Herzen danke. Doch auch die Besuche, wof\u00fcr er einige Kilometer und Strapazen durch die Hitze auf seinem Motorrad auf sich genommen hat, lie\u00dfe mein Herz vor Freude immer h\u00f6her springen. Und die Spenden nat\u00fcrlich nicht zu vergessen. Ich hab dich unheimlich lieb und du bist der weltbeste Vater. Du bist mein Blut ? Und Pass du bitte auch immer gut auf dich auf. <\/p>\n\n\n\n<hr class=\"wp-block-separator\"\/>\n\n\n\n<h2><span class=\"has-inline-color has-luminous-vivid-amber-color\">&#8230; an Jan und seine Eltern<\/span><\/h2>\n\n\n\n<figure class=\"wp-block-image size-large\"><img loading=\"lazy\" width=\"909\" height=\"511\" src=\"https:\/\/learning-journey.info\/wp-content\/uploads\/2020\/09\/IMG-20200825-WA0007.jpg\" alt=\"\" class=\"wp-image-1170\" srcset=\"https:\/\/learning-journey.info\/wp-content\/uploads\/2020\/09\/IMG-20200825-WA0007.jpg 909w, https:\/\/learning-journey.info\/wp-content\/uploads\/2020\/09\/IMG-20200825-WA0007-300x169.jpg 300w, https:\/\/learning-journey.info\/wp-content\/uploads\/2020\/09\/IMG-20200825-WA0007-768x432.jpg 768w\" sizes=\"(max-width: 767px) 89vw, (max-width: 1000px) 54vw, (max-width: 1071px) 543px, 580px\" \/><\/figure>\n\n\n\n<p>F\u00fcr mich war klar, dass ich gerne einen kleinen Blog f\u00fcr meine Freunde und Familie schreibe. Denn alle zu informieren, wie es mir geht und was ich so erlebt habe, erschien mir unm\u00f6glich. So k\u00e4me ich ja gar nicht zum wandern. Mit dem Blog hat jeder die M\u00f6glichkeit sich bei Bedarf zu informieren und die Reise zu begleiten. \ud83d\ude42 Bei der Frage, wie ich meine Seite aufsetzte, fragte ich meinen langj\u00e4hrigen und guten Freund Jan aus meiner Studienzeit, ob er mir dabei helfen k\u00f6nnte. Jan war direkt f\u00fcr mich da und half mir (und hilft immer noch) wo es nur geht. So hat er meine Seite aufgesetzt und mir bei kniffligen WordPress-Einstellungen geholfen. Doch nicht nur f\u00fcr diese Hilfe sondern auch f\u00fcr unsere langj\u00e4hrige und einzigartige Freundschaft m\u00f6chte ich Jan von ganzem Herzen danken. Du bist wie ein Bruder f\u00fcr mich, den ich nie hatte. Auf viele weitere Jahre, mit verr\u00fcckten Geschichten, die wir noch schreiben werden.<br>Gerne m\u00f6chte ich an dieser Stelle auch Jans Eltern Christiane und Uli danken, die mich in meiner Reise stets begleiten und mich unterst\u00fctzen. Ihr seid ganz wunderbar. Danke, dass es euch gibt. Schaut doch gerne mal auf der Webseite https:\/\/www.zwischenraum-rheydt.de\/ von Uli, Christiane und Jan vorbei. Eine tolle Initiative, die ich sehr sehr gerne hiermit unterst\u00fctzen m\u00f6chte.<\/p>\n\n\n\n<figure class=\"wp-block-embed-wordpress wp-block-embed is-type-wp-embed is-provider-zwischenraum-rheydt\"><div class=\"wp-block-embed__wrapper\">\nhttps:\/\/www.zwischenraum-rheydt.de\/\n<\/div><\/figure>\n\n\n\n<hr class=\"wp-block-separator\"\/>\n\n\n\n<h2><span class=\"has-inline-color has-luminous-vivid-amber-color\">&#8230;an alle Spendengeber<\/span><\/h2>\n\n\n\n<figure class=\"wp-block-image size-full\"><img loading=\"lazy\" width=\"647\" height=\"338\" src=\"https:\/\/learning-journey.info\/wp-content\/uploads\/2022\/04\/Spendenaufruf.png\" alt=\"\" class=\"wp-image-1789\" srcset=\"https:\/\/learning-journey.info\/wp-content\/uploads\/2022\/04\/Spendenaufruf.png 647w, https:\/\/learning-journey.info\/wp-content\/uploads\/2022\/04\/Spendenaufruf-300x157.png 300w\" sizes=\"(max-width: 647px) 100vw, 647px\" \/><\/figure>\n\n\n\n<p>Mit begrenzten Mitteln ging es auf den Weg. Ob diese wohl reichen w\u00fcrden, um das Ziel \u201eSantiago de Compostela\u201c zu erreichen, fragte ich mich damals vor Beginn meiner Reise. Tats\u00e4chlich, es hat geklappt. Dank vieler lieber Unterst\u00fctzung von meiner wundervollen Familie sowie Freunden und ehemalige Kollegen konnte ich mir gelegentlich einen vollmundigen, aromatischen Kaffee oder sogar ein Schl\u00e4mmer-Fr\u00fchst\u00fcck g\u00f6nnen. F\u00fcr einen wachen Geist und gen\u00fcgend Energie, um \u00fcber weitere Geschichten zu berichten, war dies genau das Richtige. Ich danke allen von ganzem Herzen, die mich bei meiner Reise finanziell sowie mit lieben und motivierenden Nachrichten unterst\u00fctzt haben. Ihr seid der Hammer. Tausend Dank  ? <\/p>\n","protected":false},"excerpt":{"rendered":"<p>&#8230; an meinen Mann Ich wurde oftmals gefragt, was denn mein Mann zu meinem Vorhaben sagt. Als ich mit Andr\u00e9 \u00fcber meinen Traum den Jakobsweg zu wandern sprach, kamen nie Einw\u00e4nde oder Argumente warum ich die Reise lieber nicht machen sollte. Ganz im Gegenteil, Andr\u00e9 stand von Anfang an hinter mir und unterst\u00fctzt mich wo &hellip; <\/p>\n<p class=\"link-more\"><a href=\"https:\/\/learning-journey.info\/index.php\/dankeschoen\/\" class=\"more-link\"><span class=\"screen-reader-text\">\u201eDankesch\u00f6n &#8230;\u201c<\/span> weiterlesen<\/a><\/p>\n","protected":false},"author":1,"featured_media":0,"parent":0,"menu_order":0,"comment_status":"closed","ping_status":"closed","template":"","meta":[],"_links":{"self":[{"href":"https:\/\/learning-journey.info\/index.php\/wp-json\/wp\/v2\/pages\/248"}],"collection":[{"href":"https:\/\/learning-journey.info\/index.php\/wp-json\/wp\/v2\/pages"}],"about":[{"href":"https:\/\/learning-journey.info\/index.php\/wp-json\/wp\/v2\/types\/page"}],"author":[{"embeddable":true,"href":"https:\/\/learning-journey.info\/index.php\/wp-json\/wp\/v2\/users\/1"}],"replies":[{"embeddable":true,"href":"https:\/\/learning-journey.info\/index.php\/wp-json\/wp\/v2\/comments?post=248"}],"version-history":[{"count":12,"href":"https:\/\/learning-journey.info\/index.php\/wp-json\/wp\/v2\/pages\/248\/revisions"}],"predecessor-version":[{"id":1827,"href":"https:\/\/learning-journey.info\/index.php\/wp-json\/wp\/v2\/pages\/248\/revisions\/1827"}],"wp:attachment":[{"href":"https:\/\/learning-journey.info\/index.php\/wp-json\/wp\/v2\/media?parent=248"}],"curies":[{"name":"wp","href":"https:\/\/api.w.org\/{rel}","templated":true}]}}